{"id":159,"date":"2021-01-30T13:09:54","date_gmt":"2021-01-30T16:09:54","guid":{"rendered":"https:\/\/jflhome.com.br\/es\/?page_id=159"},"modified":"2021-05-01T15:55:38","modified_gmt":"2021-05-01T18:55:38","slug":"home","status":"publish","type":"page","link":"https:\/\/jflhome.com.br\/es\/","title":{"rendered":"Home"},"content":{"rendered":"<div id=\"gutenslider-pmjnnps48\" class=\"wp-block-eedee-block-gutenslider content-change alignfull arrow-style-1 arrow-position-sides arrow-mb-none arrows-lg arrows-md arrows-sm dot-style-1 dots-lg dots-md dots-sm dot-position-bottom is-position-center-center mb-none\" style=\"--gutenslider-min-height: 50vh;--gutenslider-arrow-size: 30px;--gutenslider-dot-size: 25px;--gutenslider-arrow-color: #ffffff;--gutenslider-dot-color: #ffffff;--gutenslider-padding-y-mobile: 40px;--gutenslider-padding-x-mobile: 40px;--gutenslider-padding-y-tablet: 40px;--gutenslider-padding-x-tablet: 40px;--gutenslider-padding-y-desktop: 40px;--gutenslider-padding-x-desktop: 40px;--gutenslider-bg-image: url();--gutenslider-min-height-md: 50vh;--gutenslider-min-height-sm: 50vh;--gutenslider-padding-x: 40px;--gutenslider-padding-x-md: 40px;--gutenslider-padding-x-sm: 20px;--gutenslider-padding-y: 40px;--gutenslider-padding-y-md: 40px;--gutenslider-padding-y-sm: 20px;--gutenslider-arrow-size-md: 30px;--gutenslider-arrow-size-sm: 30px;--gutenslider-dot-size-md: 25px;--gutenslider-dot-size-sm: 25px;--gutenslider-arrow-bg-color: transparent;--gutenslider-arrow-hover-color: #eeeeee;--gutenslider-arrow-bg-hover-color: transparent;--gutenslider-arrow-x-offset: 10px;--gutenslider-arrow-x-offset-md: 10px;--gutenslider-arrow-x-offset-sm: 10px;--gutenslider-arrow-y-offset: 0px;--gutenslider-arrow-y-offset-md: 0px;--gutenslider-arrow-y-offset-sm: 0px;--gutenslider-arrow-x-spacing: 0px;--gutenslider-dot-y-offset: 10px;--gutenslider-dot-y-offset-md: 10px;--gutenslider-dot-y-offset-sm: 10px;--gutenslider-margin-x: 0px;--gutenslider-margin-x-md: 0px;--gutenslider-margin-x-sm: 0px;--gutenslider-margin-y: 0px;--gutenslider-margin-y-md: 0px;--gutenslider-margin-y-sm: 0px;--gutenslider-divider-top: 60px;--gutenslider-divider-bottom: 60px;--gutenslider-lightgallery-bg: #ffffff;--gutenslider-lightgallery-font: #000000;\" data-parallax-direction=\"down\" data-parallax-amount=\"1.3\" data-lg-transition=\"lg-slide\"><div class=\"eedee-swiper-outer\"><div class=\"gutenslider-divider-top\" style=\"color:#fff; height:60px;\"><\/div><div class=\"swiper-container\" data-settings='{\"autoplay\":{\"delay\":3000,\"pauseOnMouseEnter\":true,\"disableOnInteraction\":false},\"speed\":700,\"direction\":\"horizontal\",\"autoHeight\":\"\",\"loop\":true,\"centeredSlides\":true,\"spaceBetween\":0,\"slidesPerView\":1,\"slidesPerGroup\":1,\"effect\":\"slide\",\"coverflowEffect\":{\"rotate\":30,\"slideShadows\":false,\"depth\":100,\"stretch\":50,\"modifier\":1},\"fadeEffect\":{\"crossFade\":true},\"zoom\":\"\",\"navigation\":{\"nextEl\":\"#gutenslider-pmjnnps48 .eedee-gutenslider-next\",\"prevEl\":\"#gutenslider-pmjnnps48 .eedee-gutenslider-prev\"},\"pagination\":{\"type\":\"bullets\",\"clickable\":true,\"dynamicBullets\":false,\"el\":\"#gutenslider-pmjnnps48 .eedee-gutenslider-pagination\"},\"pauseOnHover\":\"1\",\"watchSlidesProgress\":true,\"watchSlidesVisibility\":true,\"settingsMd\":{\"autoHeight\":\"\",\"slidesPerView\":1,\"slidesPerGroup\":1,\"spaceBetween\":0},\"settingsLg\":{\"autoHeight\":\"\",\"slidesPerView\":1,\"slidesPerGroup\":1,\"spaceBetween\":0},\"hasLg\":false,\"hasLgCounter\":true,\"lgTitle\":\"none\",\"lgCaption\":\"none\",\"lgThumbnails\":true,\"keyboard\":{\"keyboard\":{\"enabled\":true,\"onlyInViewport\":true}}}'><div class=\"swiper-wrapper\">\n<div class=\"swiper-slide wp-block-eedee-block-gutenslide is-position-center-center ed-bg-image\" style=\"\"><div class=\"eedee-background-div bg-image\"><img loading=\"lazy\" width=\"1440\" height=\"768\" class=\"swiper-lazy wp-image-163\" src=\"https:\/\/jflhome.com.br\/es\/wp-content\/uploads\/sites\/2\/2021\/01\/home-1-min.png\" alt=\"\" style=\"object-fit: cover; object-position: 50% 50%;\"  data-title=\"home-1-min\" srcset=\"https:\/\/jflhome.com.br\/es\/wp-content\/uploads\/sites\/2\/2021\/01\/home-1-min.png 1440w, https:\/\/jflhome.com.br\/es\/wp-content\/uploads\/sites\/2\/2021\/01\/home-1-min-300x160.png 300w, https:\/\/jflhome.com.br\/es\/wp-content\/uploads\/sites\/2\/2021\/01\/home-1-min-1024x546.png 1024w, https:\/\/jflhome.com.br\/es\/wp-content\/uploads\/sites\/2\/2021\/01\/home-1-min-768x410.png 768w, https:\/\/jflhome.com.br\/es\/wp-content\/uploads\/sites\/2\/2021\/01\/home-1-min-500x267.png 500w, https:\/\/jflhome.com.br\/es\/wp-content\/uploads\/sites\/2\/2021\/01\/home-1-min-800x427.png 800w, https:\/\/jflhome.com.br\/es\/wp-content\/uploads\/sites\/2\/2021\/01\/home-1-min-1280x683.png 1280w\" sizes=\"(max-width: 1440px) 100vw, 1440px\" \/><div class=\"eedee-background-div__overlay\" style=\"opacity:1;\"><\/div><\/div><div class=\"slide-content\">\n<div class=\"wp-block-eedee-block-gutenslide vertical-align-center\"><div id=\"gutenslide-3a01hutqd\"><div class=\"eedee-background-div\"><img loading=\"lazy\" width=\"1440\" height=\"768\" class=\"wp-image-163 swiper-zoom-target\" src=\"https:\/\/jflhome.com.br\/es\/wp-content\/uploads\/sites\/2\/2021\/01\/home-1-min.png\" alt=\"\" style=\"object-fit:cover;object-position:50% 50%\" srcset=\"https:\/\/jflhome.com.br\/es\/wp-content\/uploads\/sites\/2\/2021\/01\/home-1-min.png 1440w, https:\/\/jflhome.com.br\/es\/wp-content\/uploads\/sites\/2\/2021\/01\/home-1-min-300x160.png 300w, https:\/\/jflhome.com.br\/es\/wp-content\/uploads\/sites\/2\/2021\/01\/home-1-min-1024x546.png 1024w, https:\/\/jflhome.com.br\/es\/wp-content\/uploads\/sites\/2\/2021\/01\/home-1-min-768x410.png 768w, https:\/\/jflhome.com.br\/es\/wp-content\/uploads\/sites\/2\/2021\/01\/home-1-min-500x267.png 500w, https:\/\/jflhome.com.br\/es\/wp-content\/uploads\/sites\/2\/2021\/01\/home-1-min-800x427.png 800w, https:\/\/jflhome.com.br\/es\/wp-content\/uploads\/sites\/2\/2021\/01\/home-1-min-1280x683.png 1280w\" sizes=\"(max-width: 1440px) 100vw, 1440px\" \/><div class=\"eedee-background-div__overlay\" style=\"opacity:1\"><\/div><\/div><div class=\"slide-content\">\n<div class=\"wp-block-columns\">\n<div class=\"wp-block-column\" style=\"flex-basis:55%\"><\/div>\n\n\n\n<div class=\"wp-block-column\" style=\"flex-basis:45%\">\n<p class=\"has-text-align-left bold has-white-color has-text-color has-huge-font-size\">DE LA DOM\u00d3TICA A LA SEGURIDAD<\/p>\n\n\n\n<p class=\"has-white-color has-text-color\" style=\"font-size:30px\">\u00a1La l\u00ednea JFL HOME lleg\u00f3 para hacer su vida m\u00e1s f\u00e1cil!<\/p>\n\n\n\n<figure class=\"wp-block-image size-large nomarginall\"><a href=\"https:\/\/jflhome.com.br\/es\/productos\/\"><img loading=\"lazy\" width=\"200\" height=\"60\" src=\"https:\/\/jflhome.com.br\/es\/wp-content\/uploads\/sites\/2\/2021\/04\/sepa-mas.png\" alt=\"\" class=\"wp-image-255\"\/><\/a><\/figure>\n<\/div>\n<\/div>\n<\/div><\/div><\/div>\n<\/div><\/div>\n\n<div class=\"swiper-slide wp-block-eedee-block-gutenslide is-position-center-center ed-bg-image\" style=\"\"><div class=\"eedee-background-div bg-image\"><img loading=\"lazy\" width=\"1440\" height=\"768\" class=\"swiper-lazy wp-image-164\" src=\"https:\/\/jflhome.com.br\/es\/wp-content\/uploads\/sites\/2\/2021\/01\/home-2-min.png\" alt=\"\" style=\"object-fit: cover; object-position: 50% 50%;\"  data-title=\"home-2-min\" srcset=\"https:\/\/jflhome.com.br\/es\/wp-content\/uploads\/sites\/2\/2021\/01\/home-2-min.png 1440w, https:\/\/jflhome.com.br\/es\/wp-content\/uploads\/sites\/2\/2021\/01\/home-2-min-300x160.png 300w, https:\/\/jflhome.com.br\/es\/wp-content\/uploads\/sites\/2\/2021\/01\/home-2-min-1024x546.png 1024w, https:\/\/jflhome.com.br\/es\/wp-content\/uploads\/sites\/2\/2021\/01\/home-2-min-768x410.png 768w, https:\/\/jflhome.com.br\/es\/wp-content\/uploads\/sites\/2\/2021\/01\/home-2-min-500x267.png 500w, https:\/\/jflhome.com.br\/es\/wp-content\/uploads\/sites\/2\/2021\/01\/home-2-min-800x427.png 800w, https:\/\/jflhome.com.br\/es\/wp-content\/uploads\/sites\/2\/2021\/01\/home-2-min-1280x683.png 1280w\" sizes=\"(max-width: 1440px) 100vw, 1440px\" \/><div class=\"eedee-background-div__overlay\" style=\"opacity:1;\"><\/div><\/div><div class=\"slide-content\">\n<div class=\"wp-block-eedee-block-gutenslide vertical-align-center\"><div id=\"gutenslide-kehgyu296\"><div class=\"eedee-background-div\"><img loading=\"lazy\" width=\"1440\" height=\"768\" class=\"wp-image-164 swiper-zoom-target\" src=\"https:\/\/jflhome.com.br\/es\/wp-content\/uploads\/sites\/2\/2021\/01\/home-2-min.png\" alt=\"\" style=\"object-fit:cover;object-position:50% 50%\" srcset=\"https:\/\/jflhome.com.br\/es\/wp-content\/uploads\/sites\/2\/2021\/01\/home-2-min.png 1440w, https:\/\/jflhome.com.br\/es\/wp-content\/uploads\/sites\/2\/2021\/01\/home-2-min-300x160.png 300w, https:\/\/jflhome.com.br\/es\/wp-content\/uploads\/sites\/2\/2021\/01\/home-2-min-1024x546.png 1024w, https:\/\/jflhome.com.br\/es\/wp-content\/uploads\/sites\/2\/2021\/01\/home-2-min-768x410.png 768w, https:\/\/jflhome.com.br\/es\/wp-content\/uploads\/sites\/2\/2021\/01\/home-2-min-500x267.png 500w, https:\/\/jflhome.com.br\/es\/wp-content\/uploads\/sites\/2\/2021\/01\/home-2-min-800x427.png 800w, https:\/\/jflhome.com.br\/es\/wp-content\/uploads\/sites\/2\/2021\/01\/home-2-min-1280x683.png 1280w\" sizes=\"(max-width: 1440px) 100vw, 1440px\" \/><div class=\"eedee-background-div__overlay\" style=\"opacity:1\"><\/div><\/div><div class=\"slide-content\">\n<div style=\"height:250px\" aria-hidden=\"true\" class=\"wp-block-spacer\"><\/div>\n\n\n\n<p class=\"has-text-align-center bold has-white-color has-text-color has-huge-font-size\">LA TRANSFORMACI\u00d3N DE SU HOGAR<\/p>\n\n\n\n<p class=\"has-text-align-center has-white-color has-text-color\" style=\"font-size:30px\">Usted lo controla todo a trav\u00e9s de la aplicaci\u00f3n.<\/p>\n\n\n\n<div class=\"wp-block-image nomarginall\"><figure class=\"aligncenter size-large\"><a href=\"https:\/\/jflhome.com.br\/es\/aplicacion-jfl-home\/\"><img loading=\"lazy\" width=\"200\" height=\"60\" src=\"https:\/\/jflhome.com.br\/es\/wp-content\/uploads\/sites\/2\/2021\/04\/sepa-mas-1.png\" alt=\"\" class=\"wp-image-256\"\/><\/a><\/figure><\/div>\n<\/div><\/div><\/div>\n<\/div><\/div>\n<\/div><\/div><button class=\"eedee-gutenslider-nav eedee-gutenslider-prev\"><svg xmlns=\"http:\/\/www.w3.org\/2000\/svg\" viewBox=\"0 0 24 24\" width=\"24\" height=\"24\"><circle class=\"bg\" cx=\"13\" cy=\"12\" r=\"11\" \/><path fill=\"none\" d=\"M0 0h24v24H0z\"\/><path class=\"arrow\" d=\"M10.828 12l4.95 4.95-1.414 1.414L8 12l6.364-6.364 1.414 1.414z\"\/><\/svg><\/button><button class=\"eedee-gutenslider-nav eedee-gutenslider-next\"><svg xmlns=\"http:\/\/www.w3.org\/2000\/svg\" viewBox=\"0 0 24 24\" width=\"24\" height=\"24\"><circle class=\"bg\" cx=\"11\" cy=\"12\" r=\"11\" \/><path fill=\"none\" d=\"M0 0h24v24H0z\"\/><path class=\"arrow\" d=\"M13.172 12l-4.95-4.95 1.414-1.414L16 12l-6.364 6.364-1.414-1.414z\"\/><\/svg><\/button><div class=\"eedee-gutenslider-pagination\"><\/div><\/div><div class=\"gutenslider-divider-bottom \" style=\"color:#fff; height:60px;\"><\/div><\/div>\n\n\n<div style=\"height:50px\" aria-hidden=\"true\" class=\"wp-block-spacer\"><\/div>\n\n\n\n<p class=\"has-text-align-center bold\" style=\"font-size:48px\">\u00a1CONTROLE SU CASA DESDE DONDE EST\u00c1<br>CON LA L\u00cdNEA JFL HOME!<\/p>\n\n\n\n<p class=\"has-text-align-center has-medium-font-size\">La l\u00ednea JFL Home es ideal para que usted pueda tener su hogar automatizado.<br>Son soluciones para el monitoreo y control de iluminaci\u00f3n y electrodom\u00e9sticos directo en su m\u00f3vil\/celular.<br>\u00a1No se preocupe, la instalaci\u00f3n es muy f\u00e1cil y sencilla!<\/p>\n\n\n<!-- vision begin -->\n<div class=\"vision-map vision-map-1\"data-json-src=\"https:\/\/jflhome.com.br\/es\/wp-content\/uploads\/sites\/2\/vision\/1\/config.json?ver=\" data-item-id=\"1\" tabindex=\"1\" style=\"display:none;\" >\n<div class=\"vision-store\">\n<div class=\"vision-layers-data\">\n<div class=\"vision-layer\" data-layer-id=\"6c41a441\"><\/div>\n<div class=\"vision-layer\" data-layer-id=\"3514184f\"><\/div>\n<div class=\"vision-layer\" data-layer-id=\"5b2bc031\"><\/div>\n<div class=\"vision-layer\" data-layer-id=\"aee96985\"><\/div>\n<\/div>\n<div class=\"vision-tooltips-data\">\n<div class=\"vision-data\" data-layer-id=\"6c41a441\"><p><span style=\"white-space: pre-wrap;\">\u00a1Tus dispositivos pueden ser inteligentes! L\u00e1mparas de control, ventiladores de techo, l\u00e1mparas y m\u00e1s<\/span><\/p>\n<p class=\"btn btn-default btn-saibamais-gray\" style=\"text-align: center;\"><a href=\"https:\/\/jflhome.com.br\/es\/productos\/\">SEPA MAS<\/a><\/p><\/div>\n<div class=\"vision-data\" data-layer-id=\"3514184f\"><p><span style=\"white-space: pre-wrap;\">Controle sus dispositivos electr\u00f3nicos infrarrojos como aires acondicionados, cortinas autom\u00e1ticas, encienda, apague y controle las funciones de su televisor y m\u00e1s.<\/span><\/p>\n<p class=\"btn btn-default btn-saibamais-gray\" style=\"text-align: center;\"><a href=\"https:\/\/jflhome.com.br\/es\/productos\/\">SEPA MAS<\/a><\/p><\/div>\n<div class=\"vision-data\" data-layer-id=\"5b2bc031\"><p><span style=\"white-space: pre-wrap;\">Vea lo que est\u00e1 sucediendo en vivo y en alta calidad con la combinaci\u00f3n de resoluci\u00f3n 1080p y tecnolog\u00eda DWDR, que compensa el brillo.<\/span><\/p>\n<p class=\"btn btn-default btn-saibamais-gray\" style=\"text-align: center;\"><a href=\"https:\/\/jflhome.com.br\/es\/productos\/\">SEPA MAS<\/a><\/p><\/div>\n<div class=\"vision-data\" data-layer-id=\"aee96985\"><p><span style=\"white-space: pre-wrap;\">\u00a1Cree y controle rutinas de iluminaci\u00f3n y sea capaz de simular presencia mientras est\u00e1 fuera!<\/span><\/p>\n<p class=\"btn btn-default btn-saibamais-gray\" style=\"text-align: center;\"><a href=\"https:\/\/jflhome.com.br\/es\/productos\/\">SEPA MAS<\/a><\/p><\/div>\n<\/div>\n<div class=\"vision-popovers-data\">\n<div class=\"vision-data\" data-layer-id=\"6c41a441\"><\/div>\n<div class=\"vision-data\" data-layer-id=\"3514184f\"><\/div>\n<div class=\"vision-data\" data-layer-id=\"5b2bc031\"><\/div>\n<div class=\"vision-data\" data-layer-id=\"aee96985\"><\/div>\n<\/div>\n<\/div>\n<\/div>\n<!-- vision end -->\n\n\n\n\n<div class=\"wp-block-group alignfull has-background\" style=\"background-color:#f3f3f3\"><div class=\"wp-block-group__inner-container\">\n<div class=\"wp-block-columns alignwide are-vertically-aligned-center\">\n<div class=\"wp-block-column is-vertically-aligned-center\">\n<div class=\"wp-block-image\"><figure class=\"aligncenter size-large\"><img loading=\"lazy\" width=\"363\" height=\"268\" src=\"https:\/\/jflhome.com.br\/es\/wp-content\/uploads\/sites\/2\/2021\/01\/JFL-SH1-5.png\" alt=\"\" class=\"wp-image-43\" srcset=\"https:\/\/jflhome.com.br\/es\/wp-content\/uploads\/sites\/2\/2021\/01\/JFL-SH1-5.png 363w, https:\/\/jflhome.com.br\/es\/wp-content\/uploads\/sites\/2\/2021\/01\/JFL-SH1-5-300x221.png 300w\" sizes=\"(max-width: 363px) 100vw, 363px\" \/><\/figure><\/div>\n<\/div>\n\n\n\n<div class=\"wp-block-column is-vertically-aligned-center\">\n<p class=\"has-large-font-size\">DOM\u00d3TICA<\/p>\n\n\n\n<p>\u00a1A trav\u00e9s de su m\u00f3vil\/celular, usted puede controlar todo su hogar! Re\u00fana todos sus controles, encienda y apague los electrodom\u00e9sticos con la aplicaci\u00f3n JFL HOME<\/p>\n\n\n\n<p class=\"btn btn-default btn-saibamais-gray\"><a href=\"https:\/\/jflhome.com.br\/es\/productos\/?vp_filter=linha%3Adomotica\">SEPA MAS<\/a><\/p>\n<\/div>\n<\/div>\n<\/div><\/div>\n\n\n\n<div class=\"wp-block-group alignfull has-white-background-color has-background\"><div class=\"wp-block-group__inner-container\">\n<div class=\"wp-block-columns alignwide are-vertically-aligned-center\">\n<div class=\"wp-block-column\" style=\"flex-basis:6%\"><\/div>\n\n\n\n<div class=\"wp-block-column is-vertically-aligned-center\">\n<p class=\"has-text-align-left has-large-font-size\">ILUMINACI\u00d3N<\/p>\n\n\n\n<p>\u00bfLevantarse de la cama para apagar la luz? \u00a1Nunca m\u00e1s! Dentro o fuera de su hogar, usted puede crear rutinas de iluminaci\u00f3n, apagar, encender y mucho m\u00e1s.<\/p>\n\n\n\n<p class=\"btn btn-default btn-saibamais-white\"><a href=\"https:\/\/jflhome.com.br\/es\/productos\/?vp_filter=linha%3Ailuminacion\">SEPA MAS<\/a><\/p>\n<\/div>\n\n\n\n<div class=\"wp-block-column is-vertically-aligned-center\">\n<div class=\"wp-block-image\"><figure class=\"aligncenter size-large\"><img loading=\"lazy\" width=\"226\" height=\"337\" src=\"https:\/\/jflhome.com.br\/es\/wp-content\/uploads\/sites\/2\/2021\/02\/JFL-SS1-2.png\" alt=\"\" class=\"wp-image-191\" srcset=\"https:\/\/jflhome.com.br\/es\/wp-content\/uploads\/sites\/2\/2021\/02\/JFL-SS1-2.png 226w, https:\/\/jflhome.com.br\/es\/wp-content\/uploads\/sites\/2\/2021\/02\/JFL-SS1-2-201x300.png 201w\" sizes=\"(max-width: 226px) 100vw, 226px\" \/><\/figure><\/div>\n<\/div>\n<\/div>\n<\/div><\/div>\n\n\n\n<div class=\"wp-block-group alignfull has-background\" style=\"background-color:#f3f3f3\"><div class=\"wp-block-group__inner-container\">\n<div class=\"wp-block-columns alignwide are-vertically-aligned-center\">\n<div class=\"wp-block-column is-vertically-aligned-center\">\n<div class=\"wp-block-image\"><figure class=\"aligncenter size-large\"><img loading=\"lazy\" width=\"205\" height=\"406\" src=\"https:\/\/jflhome.com.br\/es\/wp-content\/uploads\/sites\/2\/2021\/01\/JFL_SC1_FRENTE_SOMBRA-1.png\" alt=\"\" class=\"wp-image-51\" srcset=\"https:\/\/jflhome.com.br\/es\/wp-content\/uploads\/sites\/2\/2021\/01\/JFL_SC1_FRENTE_SOMBRA-1.png 205w, https:\/\/jflhome.com.br\/es\/wp-content\/uploads\/sites\/2\/2021\/01\/JFL_SC1_FRENTE_SOMBRA-1-151x300.png 151w\" sizes=\"(max-width: 205px) 100vw, 205px\" \/><\/figure><\/div>\n<\/div>\n\n\n\n<div class=\"wp-block-column is-vertically-aligned-center\">\n<p class=\"has-large-font-size\">SEGURIDAD<\/p>\n\n\n\n<p>Vea y grabe las im\u00e1genes en su m\u00f3vil\/celular con nuestra c\u00e1mara. Con dise\u00f1o discreto, no perjudicala decoraci\u00f3n de su casa.<\/p>\n\n\n\n<p class=\"btn btn-default btn-saibamais-gray\"><a href=\"https:\/\/jflhome.com.br\/es\/productos\/?vp_filter=linha%3Aseguridad\">SEPA MAS<\/a><\/p>\n<\/div>\n<\/div>\n<\/div><\/div>\n","protected":false},"excerpt":{"rendered":"<p>\u00a1CONTROLE SU CASA DESDE DONDE EST\u00c1CON LA L\u00cdNEA JFL HOME! La l\u00ednea JFL Home es ideal para que usted pueda tener su hogar automatizado.Son soluciones para el monitoreo y control de iluminaci\u00f3n y electrodom\u00e9sticos directo en su m\u00f3vil\/celular.\u00a1No se preocupe, la instalaci\u00f3n es muy f\u00e1cil y sencilla! DOM\u00d3TICA \u00a1A trav\u00e9s de su m\u00f3vil\/celular, usted puede [&hellip;]<\/p>\n","protected":false},"author":1,"featured_media":0,"parent":0,"menu_order":0,"comment_status":"closed","ping_status":"closed","template":"","meta":{"_vp_format_video_url":"","_vp_image_focal_point":[]},"yoast_head":"<!-- This site is optimized with the Yoast SEO plugin v17.5 - https:\/\/yoast.com\/wordpress\/plugins\/seo\/ -->\n<title>Home - JFL Home<\/title>\n<meta name=\"robots\" content=\"index, follow, max-snippet:-1, max-image-preview:large, max-video-preview:-1\" \/>\n<link rel=\"canonical\" href=\"https:\/\/jflhome.com.br\/es\/\" \/>\n<meta property=\"og:locale\" content=\"pt_BR\" \/>\n<meta property=\"og:type\" content=\"article\" \/>\n<meta property=\"og:title\" content=\"Home - JFL Home\" \/>\n<meta property=\"og:description\" content=\"\u00a1CONTROLE SU CASA DESDE DONDE EST\u00c1CON LA L\u00cdNEA JFL HOME! La l\u00ednea JFL Home es ideal para que usted pueda tener su hogar automatizado.Son soluciones para el monitoreo y control de iluminaci\u00f3n y electrodom\u00e9sticos directo en su m\u00f3vil\/celular.\u00a1No se preocupe, la instalaci\u00f3n es muy f\u00e1cil y sencilla! DOM\u00d3TICA \u00a1A trav\u00e9s de su m\u00f3vil\/celular, usted puede [&hellip;]\" \/>\n<meta property=\"og:url\" content=\"https:\/\/jflhome.com.br\/es\/\" \/>\n<meta property=\"og:site_name\" content=\"JFL Home\" \/>\n<meta property=\"article:modified_time\" content=\"2021-05-01T18:55:38+00:00\" \/>\n<meta property=\"og:image\" content=\"https:\/\/jflhome.com.br\/es\/wp-content\/uploads\/sites\/2\/2021\/01\/home-1-min.png\" \/>\n<meta name=\"twitter:card\" content=\"summary_large_image\" \/>\n<meta name=\"twitter:label1\" content=\"Est. tempo de leitura\" \/>\n\t<meta name=\"twitter:data1\" content=\"3 minutos\" \/>\n<script type=\"application\/ld+json\" class=\"yoast-schema-graph\">{\"@context\":\"https:\/\/schema.org\",\"@graph\":[{\"@type\":\"WebSite\",\"@id\":\"https:\/\/jflhome.com.br\/es\/#website\",\"url\":\"https:\/\/jflhome.com.br\/es\/\",\"name\":\"JFL Home\",\"description\":\"Automatizaci\\u00f3n del hogar\",\"potentialAction\":[{\"@type\":\"SearchAction\",\"target\":{\"@type\":\"EntryPoint\",\"urlTemplate\":\"https:\/\/jflhome.com.br\/es\/?s={search_term_string}\"},\"query-input\":\"required name=search_term_string\"}],\"inLanguage\":\"pt-BR\"},{\"@type\":\"ImageObject\",\"@id\":\"https:\/\/jflhome.com.br\/es\/#primaryimage\",\"inLanguage\":\"pt-BR\",\"url\":\"https:\/\/jflhome.com.br\/es\/wp-content\/uploads\/sites\/2\/2021\/01\/home-1-min.png\",\"contentUrl\":\"https:\/\/jflhome.com.br\/es\/wp-content\/uploads\/sites\/2\/2021\/01\/home-1-min.png\",\"width\":1440,\"height\":768},{\"@type\":\"WebPage\",\"@id\":\"https:\/\/jflhome.com.br\/es\/#webpage\",\"url\":\"https:\/\/jflhome.com.br\/es\/\",\"name\":\"Home - JFL Home\",\"isPartOf\":{\"@id\":\"https:\/\/jflhome.com.br\/es\/#website\"},\"primaryImageOfPage\":{\"@id\":\"https:\/\/jflhome.com.br\/es\/#primaryimage\"},\"datePublished\":\"2021-01-30T16:09:54+00:00\",\"dateModified\":\"2021-05-01T18:55:38+00:00\",\"breadcrumb\":{\"@id\":\"https:\/\/jflhome.com.br\/es\/#breadcrumb\"},\"inLanguage\":\"pt-BR\",\"potentialAction\":[{\"@type\":\"ReadAction\",\"target\":[\"https:\/\/jflhome.com.br\/es\/\"]}]},{\"@type\":\"BreadcrumbList\",\"@id\":\"https:\/\/jflhome.com.br\/es\/#breadcrumb\",\"itemListElement\":[{\"@type\":\"ListItem\",\"position\":1,\"name\":\"In\\u00edcio\",\"item\":\"https:\/\/jflhome.com.br\/es\/\"},{\"@type\":\"ListItem\",\"position\":2,\"name\":\"Home\"}]}]}<\/script>\n<!-- \/ Yoast SEO plugin. -->","yoast_head_json":{"title":"Home - JFL Home","robots":{"index":"index","follow":"follow","max-snippet":"max-snippet:-1","max-image-preview":"max-image-preview:large","max-video-preview":"max-video-preview:-1"},"canonical":"https:\/\/jflhome.com.br\/es\/","og_locale":"pt_BR","og_type":"article","og_title":"Home - JFL Home","og_description":"\u00a1CONTROLE SU CASA DESDE DONDE EST\u00c1CON LA L\u00cdNEA JFL HOME! La l\u00ednea JFL Home es ideal para que usted pueda tener su hogar automatizado.Son soluciones para el monitoreo y control de iluminaci\u00f3n y electrodom\u00e9sticos directo en su m\u00f3vil\/celular.\u00a1No se preocupe, la instalaci\u00f3n es muy f\u00e1cil y sencilla! DOM\u00d3TICA \u00a1A trav\u00e9s de su m\u00f3vil\/celular, usted puede [&hellip;]","og_url":"https:\/\/jflhome.com.br\/es\/","og_site_name":"JFL Home","article_modified_time":"2021-05-01T18:55:38+00:00","og_image":[{"url":"https:\/\/jflhome.com.br\/es\/wp-content\/uploads\/sites\/2\/2021\/01\/home-1-min.png"}],"twitter_card":"summary_large_image","twitter_misc":{"Est. tempo de leitura":"3 minutos"},"schema":{"@context":"https:\/\/schema.org","@graph":[{"@type":"WebSite","@id":"https:\/\/jflhome.com.br\/es\/#website","url":"https:\/\/jflhome.com.br\/es\/","name":"JFL Home","description":"Automatizaci\u00f3n del hogar","potentialAction":[{"@type":"SearchAction","target":{"@type":"EntryPoint","urlTemplate":"https:\/\/jflhome.com.br\/es\/?s={search_term_string}"},"query-input":"required name=search_term_string"}],"inLanguage":"pt-BR"},{"@type":"ImageObject","@id":"https:\/\/jflhome.com.br\/es\/#primaryimage","inLanguage":"pt-BR","url":"https:\/\/jflhome.com.br\/es\/wp-content\/uploads\/sites\/2\/2021\/01\/home-1-min.png","contentUrl":"https:\/\/jflhome.com.br\/es\/wp-content\/uploads\/sites\/2\/2021\/01\/home-1-min.png","width":1440,"height":768},{"@type":"WebPage","@id":"https:\/\/jflhome.com.br\/es\/#webpage","url":"https:\/\/jflhome.com.br\/es\/","name":"Home - JFL Home","isPartOf":{"@id":"https:\/\/jflhome.com.br\/es\/#website"},"primaryImageOfPage":{"@id":"https:\/\/jflhome.com.br\/es\/#primaryimage"},"datePublished":"2021-01-30T16:09:54+00:00","dateModified":"2021-05-01T18:55:38+00:00","breadcrumb":{"@id":"https:\/\/jflhome.com.br\/es\/#breadcrumb"},"inLanguage":"pt-BR","potentialAction":[{"@type":"ReadAction","target":["https:\/\/jflhome.com.br\/es\/"]}]},{"@type":"BreadcrumbList","@id":"https:\/\/jflhome.com.br\/es\/#breadcrumb","itemListElement":[{"@type":"ListItem","position":1,"name":"In\u00edcio","item":"https:\/\/jflhome.com.br\/es\/"},{"@type":"ListItem","position":2,"name":"Home"}]}]}},"_links":{"self":[{"href":"https:\/\/jflhome.com.br\/es\/wp-json\/wp\/v2\/pages\/159"}],"collection":[{"href":"https:\/\/jflhome.com.br\/es\/wp-json\/wp\/v2\/pages"}],"about":[{"href":"https:\/\/jflhome.com.br\/es\/wp-json\/wp\/v2\/types\/page"}],"author":[{"embeddable":true,"href":"https:\/\/jflhome.com.br\/es\/wp-json\/wp\/v2\/users\/1"}],"replies":[{"embeddable":true,"href":"https:\/\/jflhome.com.br\/es\/wp-json\/wp\/v2\/comments?post=159"}],"version-history":[{"count":28,"href":"https:\/\/jflhome.com.br\/es\/wp-json\/wp\/v2\/pages\/159\/revisions"}],"predecessor-version":[{"id":262,"href":"https:\/\/jflhome.com.br\/es\/wp-json\/wp\/v2\/pages\/159\/revisions\/262"}],"wp:attachment":[{"href":"https:\/\/jflhome.com.br\/es\/wp-json\/wp\/v2\/media?parent=159"}],"curies":[{"name":"wp","href":"https:\/\/api.w.org\/{rel}","templated":true}]}}