{"id":15,"date":"2021-01-24T17:18:05","date_gmt":"2021-01-24T20:18:05","guid":{"rendered":"https:\/\/jflhome.com.br\/es\/?page_id=15"},"modified":"2021-04-26T07:58:59","modified_gmt":"2021-04-26T10:58:59","slug":"contacto","status":"publish","type":"page","link":"https:\/\/jflhome.com.br\/es\/contacto\/","title":{"rendered":"Contacto"},"content":{"rendered":"\n<div class=\"wp-block-columns\">\n<div class=\"wp-block-column\">\n<p class=\"has-large-font-size\">\u00bfDesea hablar con nosotros?<br>\u00bfNecesita ayuda?<\/p>\n\n\n\n<p>Nuestro servicio t\u00e9cnico est\u00e1 disponible para contestar sus dudas de instalaci\u00f3n, operaci\u00f3n y programaci\u00f3n de los productos JFL Home. Usted puede ponerse en contacto con nosotros por tel\u00e9fono +55 35 3473-3550, por correo electr\u00f3nico\/Skype: suporte.jfl@jfl.com.br o a trav\u00e9s del formulario de al lado.<\/p>\n\n\n\n<p>\u00a1Ser\u00e1 un gusto atenderle!<\/p>\n<\/div>\n\n\n\n<div class=\"wp-block-column\"><div class=\"caldera-grid\" id=\"caldera_form_1\" data-cf-ver=\"1.9.5\" data-cf-form-id=\"CF600de39332463\"><div id=\"caldera_notices_1\" data-spinner=\"https:\/\/jflhome.com.br\/es\/wp-admin\/images\/spinner.gif\"><\/div><form data-instance=\"1\" class=\"CF600de39332463 caldera_forms_form cfajax-trigger\" method=\"POST\" enctype=\"multipart\/form-data\" id=\"CF600de39332463_1\" data-form-id=\"CF600de39332463\" aria-label=\"Contato JFL Home\" data-target=\"#caldera_notices_1\" data-template=\"#cfajax_CF600de39332463-tmpl\" data-cfajax=\"CF600de39332463\" data-load-element=\"_parent\" data-load-class=\"cf_processing\" data-post-disable=\"0\" data-action=\"cf_process_ajax_submit\" data-request=\"https:\/\/jflhome.com.br\/es\/cf-api\/CF600de39332463\" data-hiderows=\"true\">\r\n<input type=\"hidden\" id=\"_cf_verify_CF600de39332463\" name=\"_cf_verify\" value=\"d8e6bf3c2d\"  data-nonce-time=\"1776655085\" \/><input type=\"hidden\" name=\"_wp_http_referer\" value=\"\/es\/wp-json\/wp\/v2\/pages\/15\" \/><div id=\"cf2-CF600de39332463_1\"><\/div><input type=\"hidden\" name=\"_cf_frm_id\" value=\"CF600de39332463\">\r\n<input type=\"hidden\" name=\"_cf_frm_ct\" value=\"1\">\r\n<input type=\"hidden\" name=\"cfajax\" value=\"CF600de39332463\">\r\n<input type=\"hidden\" name=\"_cf_cr_pst\" value=\"15\">\r\n<div class=\"hide\" style=\"display:none; overflow:hidden;height:0;width:0;\">\r\n<label>Twitter<\/label><input type=\"text\" name=\"twitter\" value=\"\" autocomplete=\"off\">\r\n<\/div><div id=\"CF600de39332463_1-row-1\"  class=\"row  single\"><div  class=\"col-sm-12  single\"><div data-field-wrapper=\"fld_7742015\" class=\"form-group field-news\" id=\"fld_7742015_1-wrap\">\r\n\t<label id=\"fld_7742015Label\" for=\"fld_7742015_1\" class=\"control-label screen-reader-text sr-only\">Su Nombre<\/label>\r\n\t<div class=\"\">\r\n\t\t<input placeholder=\"Su Nombre\"  required type=\"text\" data-field=\"fld_7742015\" class=\" form-control\" id=\"fld_7742015_1\" name=\"fld_7742015\" value=\"\" data-type=\"text\" aria-required=\"true\"   aria-labelledby=\"fld_7742015Label\" >\t\t\t<\/div>\r\n<\/div>\r\n<div data-field-wrapper=\"fld_8133451\" class=\"form-group field-news\" id=\"fld_8133451_1-wrap\">\r\n\t<label id=\"fld_8133451Label\" for=\"fld_8133451_1\" class=\"control-label screen-reader-text sr-only\">Su E-mail<\/label>\r\n\t<div class=\"\">\r\n\t\t<input placeholder=\"Su E-mail\"  required type=\"email\" data-field=\"fld_8133451\" class=\" form-control\" id=\"fld_8133451_1\" name=\"fld_8133451\" value=\"\" data-type=\"email\" aria-required=\"true\"   aria-labelledby=\"fld_8133451Label\" >\t\t\t<\/div>\r\n<\/div>\r\n<div data-field-wrapper=\"fld_5151091\" class=\"form-group field-news\" id=\"fld_5151091_1-wrap\">\r\n\t<label id=\"fld_5151091Label\" for=\"fld_5151091_1\" class=\"control-label screen-reader-text sr-only\">Mensaje<\/label>\r\n\t<div class=\"\">\r\n\t\t<textarea name=\"fld_5151091\" value=\"Su Mensaje\" data-field=\"fld_5151091\" class=\"form-control\" id=\"fld_5151091_1\" rows=\"6\" default=\"Su Mensaje\"    aria-labelledby=\"fld_5151091Label\" >Su Mensaje<\/textarea>\n\t\t\t<\/div>\r\n<\/div>\r\n<div data-field-wrapper=\"fld_9551074\" class=\"form-group\" id=\"fld_9551074_1-wrap\">\r\n<div class=\"\">\r\n\t<input  class=\"btn btn-default btn-news\" type=\"submit\" name=\"fld_9551074\" id=\"fld_9551074_1\" value=\"Envia\" data-field=\"fld_9551074\"  >\n<\/div>\r\n<\/div>\r\n\t<input class=\"button_trigger_1\" type=\"hidden\" name=\"fld_9551074\" id=\"fld_9551074_1_btn\" value=\"\" data-field=\"fld_9551074\"  \/>\n<\/div><\/div><\/form>\r\n<\/div>\r\n<\/div>\n<\/div>\n","protected":false},"excerpt":{"rendered":"<p>\u00bfDesea hablar con nosotros?\u00bfNecesita ayuda? Nuestro servicio t\u00e9cnico est\u00e1 disponible para contestar sus dudas de instalaci\u00f3n, operaci\u00f3n y programaci\u00f3n de los productos JFL Home. Usted puede ponerse en contacto con nosotros por tel\u00e9fono +55 35 3473-3550, por correo electr\u00f3nico\/Skype: suporte.jfl@jfl.com.br o a trav\u00e9s del formulario de al lado. \u00a1Ser\u00e1 un gusto atenderle!<\/p>\n","protected":false},"author":1,"featured_media":0,"parent":0,"menu_order":0,"comment_status":"closed","ping_status":"closed","template":"","meta":{"_vp_format_video_url":"","_vp_image_focal_point":[]},"yoast_head":"<!-- This site is optimized with the Yoast SEO plugin v17.5 - https:\/\/yoast.com\/wordpress\/plugins\/seo\/ -->\n<title>Contacto - JFL Home<\/title>\n<meta name=\"robots\" content=\"index, follow, max-snippet:-1, max-image-preview:large, max-video-preview:-1\" \/>\n<link rel=\"canonical\" href=\"https:\/\/jflhome.com.br\/es\/contacto\/\" \/>\n<meta property=\"og:locale\" content=\"pt_BR\" \/>\n<meta property=\"og:type\" content=\"article\" \/>\n<meta property=\"og:title\" content=\"Contacto - JFL Home\" \/>\n<meta property=\"og:description\" content=\"\u00bfDesea hablar con nosotros?\u00bfNecesita ayuda? Nuestro servicio t\u00e9cnico est\u00e1 disponible para contestar sus dudas de instalaci\u00f3n, operaci\u00f3n y programaci\u00f3n de los productos JFL Home. Usted puede ponerse en contacto con nosotros por tel\u00e9fono +55 35 3473-3550, por correo electr\u00f3nico\/Skype: suporte.jfl@jfl.com.br o a trav\u00e9s del formulario de al lado. \u00a1Ser\u00e1 un gusto atenderle!\" \/>\n<meta property=\"og:url\" content=\"https:\/\/jflhome.com.br\/es\/contacto\/\" \/>\n<meta property=\"og:site_name\" content=\"JFL Home\" \/>\n<meta property=\"article:modified_time\" content=\"2021-04-26T10:58:59+00:00\" \/>\n<meta name=\"twitter:card\" content=\"summary_large_image\" \/>\n<meta name=\"twitter:label1\" content=\"Est. tempo de leitura\" \/>\n\t<meta name=\"twitter:data1\" content=\"1 minuto\" \/>\n<script type=\"application\/ld+json\" class=\"yoast-schema-graph\">{\"@context\":\"https:\/\/schema.org\",\"@graph\":[{\"@type\":\"WebSite\",\"@id\":\"https:\/\/jflhome.com.br\/es\/#website\",\"url\":\"https:\/\/jflhome.com.br\/es\/\",\"name\":\"JFL Home\",\"description\":\"Automatizaci\\u00f3n del hogar\",\"potentialAction\":[{\"@type\":\"SearchAction\",\"target\":{\"@type\":\"EntryPoint\",\"urlTemplate\":\"https:\/\/jflhome.com.br\/es\/?s={search_term_string}\"},\"query-input\":\"required name=search_term_string\"}],\"inLanguage\":\"pt-BR\"},{\"@type\":\"WebPage\",\"@id\":\"https:\/\/jflhome.com.br\/es\/contacto\/#webpage\",\"url\":\"https:\/\/jflhome.com.br\/es\/contacto\/\",\"name\":\"Contacto - JFL Home\",\"isPartOf\":{\"@id\":\"https:\/\/jflhome.com.br\/es\/#website\"},\"datePublished\":\"2021-01-24T20:18:05+00:00\",\"dateModified\":\"2021-04-26T10:58:59+00:00\",\"breadcrumb\":{\"@id\":\"https:\/\/jflhome.com.br\/es\/contacto\/#breadcrumb\"},\"inLanguage\":\"pt-BR\",\"potentialAction\":[{\"@type\":\"ReadAction\",\"target\":[\"https:\/\/jflhome.com.br\/es\/contacto\/\"]}]},{\"@type\":\"BreadcrumbList\",\"@id\":\"https:\/\/jflhome.com.br\/es\/contacto\/#breadcrumb\",\"itemListElement\":[{\"@type\":\"ListItem\",\"position\":1,\"name\":\"In\\u00edcio\",\"item\":\"https:\/\/jflhome.com.br\/es\/\"},{\"@type\":\"ListItem\",\"position\":2,\"name\":\"Contacto\"}]}]}<\/script>\n<!-- \/ Yoast SEO plugin. -->","yoast_head_json":{"title":"Contacto - JFL Home","robots":{"index":"index","follow":"follow","max-snippet":"max-snippet:-1","max-image-preview":"max-image-preview:large","max-video-preview":"max-video-preview:-1"},"canonical":"https:\/\/jflhome.com.br\/es\/contacto\/","og_locale":"pt_BR","og_type":"article","og_title":"Contacto - JFL Home","og_description":"\u00bfDesea hablar con nosotros?\u00bfNecesita ayuda? Nuestro servicio t\u00e9cnico est\u00e1 disponible para contestar sus dudas de instalaci\u00f3n, operaci\u00f3n y programaci\u00f3n de los productos JFL Home. Usted puede ponerse en contacto con nosotros por tel\u00e9fono +55 35 3473-3550, por correo electr\u00f3nico\/Skype: suporte.jfl@jfl.com.br o a trav\u00e9s del formulario de al lado. \u00a1Ser\u00e1 un gusto atenderle!","og_url":"https:\/\/jflhome.com.br\/es\/contacto\/","og_site_name":"JFL Home","article_modified_time":"2021-04-26T10:58:59+00:00","twitter_card":"summary_large_image","twitter_misc":{"Est. tempo de leitura":"1 minuto"},"schema":{"@context":"https:\/\/schema.org","@graph":[{"@type":"WebSite","@id":"https:\/\/jflhome.com.br\/es\/#website","url":"https:\/\/jflhome.com.br\/es\/","name":"JFL Home","description":"Automatizaci\u00f3n del hogar","potentialAction":[{"@type":"SearchAction","target":{"@type":"EntryPoint","urlTemplate":"https:\/\/jflhome.com.br\/es\/?s={search_term_string}"},"query-input":"required name=search_term_string"}],"inLanguage":"pt-BR"},{"@type":"WebPage","@id":"https:\/\/jflhome.com.br\/es\/contacto\/#webpage","url":"https:\/\/jflhome.com.br\/es\/contacto\/","name":"Contacto - JFL Home","isPartOf":{"@id":"https:\/\/jflhome.com.br\/es\/#website"},"datePublished":"2021-01-24T20:18:05+00:00","dateModified":"2021-04-26T10:58:59+00:00","breadcrumb":{"@id":"https:\/\/jflhome.com.br\/es\/contacto\/#breadcrumb"},"inLanguage":"pt-BR","potentialAction":[{"@type":"ReadAction","target":["https:\/\/jflhome.com.br\/es\/contacto\/"]}]},{"@type":"BreadcrumbList","@id":"https:\/\/jflhome.com.br\/es\/contacto\/#breadcrumb","itemListElement":[{"@type":"ListItem","position":1,"name":"In\u00edcio","item":"https:\/\/jflhome.com.br\/es\/"},{"@type":"ListItem","position":2,"name":"Contacto"}]}]}},"_links":{"self":[{"href":"https:\/\/jflhome.com.br\/es\/wp-json\/wp\/v2\/pages\/15"}],"collection":[{"href":"https:\/\/jflhome.com.br\/es\/wp-json\/wp\/v2\/pages"}],"about":[{"href":"https:\/\/jflhome.com.br\/es\/wp-json\/wp\/v2\/types\/page"}],"author":[{"embeddable":true,"href":"https:\/\/jflhome.com.br\/es\/wp-json\/wp\/v2\/users\/1"}],"replies":[{"embeddable":true,"href":"https:\/\/jflhome.com.br\/es\/wp-json\/wp\/v2\/comments?post=15"}],"version-history":[{"count":6,"href":"https:\/\/jflhome.com.br\/es\/wp-json\/wp\/v2\/pages\/15\/revisions"}],"predecessor-version":[{"id":245,"href":"https:\/\/jflhome.com.br\/es\/wp-json\/wp\/v2\/pages\/15\/revisions\/245"}],"wp:attachment":[{"href":"https:\/\/jflhome.com.br\/es\/wp-json\/wp\/v2\/media?parent=15"}],"curies":[{"name":"wp","href":"https:\/\/api.w.org\/{rel}","templated":true}]}}